{"id":9,"date":"2016-02-16T00:33:22","date_gmt":"2016-02-16T00:33:22","guid":{"rendered":"https:\/\/www.physiodesrives.com\/?page_id=9"},"modified":"2022-09-12T16:29:40","modified_gmt":"2022-09-12T16:29:40","slug":"accueil","status":"publish","type":"page","link":"https:\/\/www.physiodesrives.com\/","title":{"rendered":"Accueil"},"content":{"rendered":"<section class=\"wpb-content-wrapper\"><p>[vc_row rt_row_background_width=\u00a0\u00bbfullwidth\u00a0\u00bb rt_row_content_width=\u00a0\u00bbfullwidth\u00a0\u00bb rt_row_style=\u00a0\u00bbdefault-style\u00a0\u00bb rt_row_borders=\u00a0\u00bb\u00a0\u00bb rt_row_paddings=\u00a0\u00bbfalse\u00a0\u00bb rt_bg_effect=\u00a0\u00bbclassic\u00a0\u00bb rt_bg_image_repeat=\u00a0\u00bbrepeat\u00a0\u00bb rt_bg_size=\u00a0\u00bbcover\u00a0\u00bb rt_bg_position=\u00a0\u00bbright top\u00a0\u00bb rt_bg_attachment=\u00a0\u00bbscroll\u00a0\u00bb rt_bg_video_format=\u00a0\u00bbself-hosted\u00a0\u00bb][vc_column rt_wrp_col_paddings=\u00a0\u00bbfalse\u00a0\u00bb rt_border_top=\u00a0\u00bb\u00a0\u00bb rt_border_bottom=\u00a0\u00bb\u00a0\u00bb rt_border_left=\u00a0\u00bb\u00a0\u00bb rt_border_right=\u00a0\u00bb\u00a0\u00bb rt_border_top_mobile=\u00a0\u00bb\u00a0\u00bb rt_border_bottom_mobile=\u00a0\u00bb\u00a0\u00bb rt_border_left_mobile=\u00a0\u00bb\u00a0\u00bb rt_border_right_mobile=\u00a0\u00bb\u00a0\u00bb rt_bg_image_repeat=\u00a0\u00bbrepeat\u00a0\u00bb rt_bg_size=\u00a0\u00bbauto auto\u00a0\u00bb rt_bg_position=\u00a0\u00bbright top\u00a0\u00bb rt_bg_attachment=\u00a0\u00bbscroll\u00a0\u00bb]<div id=\"content-slider-678994\" style=\"min-height:400px;\" class=\"rt-carousel main-carousel carousel-holder clearfix\" data-item-width=\"1\" data-nav=\"true\" data-dots=\"true\" data-parallax=\"false\" data-timeout=\"5000\" data-autoplay=\"false\">\n<div class=\"owl-carousel\">\n\n\t\t<div class=\"item  global-style slide-background\" style=\"background-image: url(https:\/\/www.physiodesrives.com\/wp-content\/uploads\/2016\/02\/slider_physio2-lunette.jpg);background-repeat: no-repeat;background-size: cover;background-position: center top;min-height: 400px;\">\n\t\t\t\n\t\t\t<div class=\"slide-content-wrapper default clearfix\">\n\t\t\t\t<div class=\"slide-content animation  right\" style=\"width: 30%;background-color: #4166b0;margin-top: 240px;\">\t\t\t\t\t\n\t\t\t\t\t<h4 style=\"text-align: center;\"><span style=\"color: #ffffff;\">Une approche personnalis\u00e9e depuis 40 ans<\/span><\/h4>\n\n\t\t\t\t<\/div>\n\t\t\t<\/div>\n\t\t<\/div>\n\t\t<div class=\"item  global-style slide-background\" style=\"background-image: url(https:\/\/www.physiodesrives.com\/wp-content\/uploads\/2018\/05\/slider_nouveau.png);background-repeat: no-repeat;background-size: cover;background-position: center top;min-height: 400px;\">\n\t\t\t\n\t\t\t<div class=\"slide-content-wrapper default clearfix\">\n\t\t\t\t<div class=\"slide-content animation  right\" style=\"width: 30%;background-color: #4166b0;margin-top: 240px;\">\t\t\t\t\t\n\t\t\t\t\t<h4 style=\"text-align: center;\"><span style=\"color: #ffffff;\">Pour demeurer actif tout au long de votre vie<\/span><\/h4>\n\n\t\t\t\t<\/div>\n\t\t\t<\/div>\n\t\t<\/div>\n\t\t<div class=\"item  global-style slide-background\" style=\"background-image: url(https:\/\/www.physiodesrives.com\/wp-content\/uploads\/2016\/02\/slider_physio2_dos.jpg);background-repeat: no-repeat;background-size: cover;background-position: center top;min-height: 400px;\">\n\t\t\t\n\t\t\t<div class=\"slide-content-wrapper default clearfix\">\n\t\t\t\t<div class=\"slide-content animation  right\" style=\"width: 30%;background-color: #4166b0;margin-top: 240px;\">\t\t\t\t\t\n\t\t\t\t\t<h4 style=\"text-align: center;\"><span style=\"color: #ffffff;\">L\u2019atteinte de vos objectifs nous tient \u00e0 c\u0153ur<\/span><\/h4>\n\n\t\t\t\t<\/div>\n\t\t\t<\/div>\n\t\t<\/div><\/div>\n<\/div>\n[\/vc_column][\/vc_row][vc_row rt_row_background_width=\u00a0\u00bbfullwidth\u00a0\u00bb rt_row_content_width=\u00a0\u00bbdefault\u00a0\u00bb rt_row_style=\u00a0\u00bbdefault-style\u00a0\u00bb rt_row_borders=\u00a0\u00bb\u00a0\u00bb rt_row_paddings=\u00a0\u00bbtrue\u00a0\u00bb rt_bg_effect=\u00a0\u00bbclassic\u00a0\u00bb rt_bg_image_repeat=\u00a0\u00bbrepeat\u00a0\u00bb rt_bg_size=\u00a0\u00bbcover\u00a0\u00bb rt_bg_position=\u00a0\u00bbright top\u00a0\u00bb rt_bg_attachment=\u00a0\u00bbscroll\u00a0\u00bb rt_bg_video_format=\u00a0\u00bbself-hosted\u00a0\u00bb rt_padding_top=\u00a0\u00bb40&Prime; rt_padding_bottom=\u00a0\u00bb40&Prime; rt_bg_color=\u00a0\u00bb#ffffff\u00a0\u00bb][vc_column width=\u00a0\u00bb1\/3&Prime; rt_wrp_col_paddings=\u00a0\u00bbfalse\u00a0\u00bb rt_border_top=\u00a0\u00bb\u00a0\u00bb rt_border_bottom=\u00a0\u00bb\u00a0\u00bb rt_border_left=\u00a0\u00bb\u00a0\u00bb rt_border_right=\u00a0\u00bb\u00a0\u00bb rt_border_top_mobile=\u00a0\u00bb\u00a0\u00bb rt_border_bottom_mobile=\u00a0\u00bb\u00a0\u00bb rt_border_left_mobile=\u00a0\u00bb\u00a0\u00bb rt_border_right_mobile=\u00a0\u00bb\u00a0\u00bb rt_bg_image_repeat=\u00a0\u00bbrepeat\u00a0\u00bb rt_bg_size=\u00a0\u00bbauto auto\u00a0\u00bb rt_bg_position=\u00a0\u00bbright top\u00a0\u00bb rt_bg_attachment=\u00a0\u00bbscroll\u00a0\u00bb]<article   class=\"image-content-box content-box box-style-1 center\"><div class=\"featured_image_holder\"><a href=\"https:\/\/www.physiodesrives.com\/?page_id=11\" title=\"\" target=\"_self\"><img decoding=\"async\" class=\"img-responsive\" src=\"https:\/\/www.physiodesrives.com\/wp-content\/uploads\/2018\/06\/400X300_services.png\" alt=\"\" \/><\/a><\/div><div class=\"text-holder\"> <\/div><\/article>[\/vc_column][vc_column width=\u00a0\u00bb1\/3&Prime; rt_wrp_col_paddings=\u00a0\u00bbfalse\u00a0\u00bb rt_border_top=\u00a0\u00bb\u00a0\u00bb rt_border_bottom=\u00a0\u00bb\u00a0\u00bb rt_border_left=\u00a0\u00bb\u00a0\u00bb rt_border_right=\u00a0\u00bb\u00a0\u00bb rt_border_top_mobile=\u00a0\u00bb\u00a0\u00bb rt_border_bottom_mobile=\u00a0\u00bb\u00a0\u00bb rt_border_left_mobile=\u00a0\u00bb\u00a0\u00bb rt_border_right_mobile=\u00a0\u00bb\u00a0\u00bb rt_bg_image_repeat=\u00a0\u00bbrepeat\u00a0\u00bb rt_bg_size=\u00a0\u00bbauto auto\u00a0\u00bb rt_bg_position=\u00a0\u00bbright top\u00a0\u00bb rt_bg_attachment=\u00a0\u00bbscroll\u00a0\u00bb]<article   class=\"image-content-box content-box box-style-1 center\"><div class=\"featured_image_holder\"><a href=\"https:\/\/www.physiodesrives.com\/?page_id=13\" title=\"\" target=\"_self\"><img decoding=\"async\" class=\"img-responsive\" src=\"https:\/\/www.physiodesrives.com\/wp-content\/uploads\/2018\/06\/400X300_equipe.png\" alt=\"\" \/><\/a><\/div><div class=\"text-holder\"> <\/div><\/article>[\/vc_column][vc_column width=\u00a0\u00bb1\/3&Prime; rt_wrp_col_paddings=\u00a0\u00bbfalse\u00a0\u00bb rt_border_top=\u00a0\u00bb\u00a0\u00bb rt_border_bottom=\u00a0\u00bb\u00a0\u00bb rt_border_left=\u00a0\u00bb\u00a0\u00bb rt_border_right=\u00a0\u00bb\u00a0\u00bb rt_border_top_mobile=\u00a0\u00bb\u00a0\u00bb rt_border_bottom_mobile=\u00a0\u00bb\u00a0\u00bb rt_border_left_mobile=\u00a0\u00bb\u00a0\u00bb rt_border_right_mobile=\u00a0\u00bb\u00a0\u00bb rt_bg_image_repeat=\u00a0\u00bbrepeat\u00a0\u00bb rt_bg_size=\u00a0\u00bbauto auto\u00a0\u00bb rt_bg_position=\u00a0\u00bbright top\u00a0\u00bb rt_bg_attachment=\u00a0\u00bbscroll\u00a0\u00bb]<article   class=\"image-content-box content-box box-style-1 center\"><div class=\"featured_image_holder\"><a href=\"https:\/\/www.physiodesrives.com\/?page_id=17\" title=\"\" target=\"_self\"><img decoding=\"async\" class=\"img-responsive\" src=\"https:\/\/www.physiodesrives.com\/wp-content\/uploads\/2018\/06\/400X300_chroniques.png\" alt=\"\" \/><\/a><\/div><div class=\"text-holder\"> <\/div><\/article>[\/vc_column][\/vc_row][vc_row rt_row_background_width=\u00a0\u00bbfullwidth\u00a0\u00bb rt_row_content_width=\u00a0\u00bbdefault\u00a0\u00bb rt_row_style=\u00a0\u00bbalt-style-1&Prime; rt_row_borders=\u00a0\u00bb\u00a0\u00bb rt_row_paddings=\u00a0\u00bbtrue\u00a0\u00bb rt_bg_effect=\u00a0\u00bbclassic\u00a0\u00bb rt_bg_image_repeat=\u00a0\u00bbrepeat\u00a0\u00bb rt_bg_size=\u00a0\u00bbcover\u00a0\u00bb rt_bg_position=\u00a0\u00bbright top\u00a0\u00bb rt_bg_attachment=\u00a0\u00bbscroll\u00a0\u00bb rt_bg_video_format=\u00a0\u00bbself-hosted\u00a0\u00bb rt_padding_top=\u00a0\u00bb40&Prime; rt_padding_bottom=\u00a0\u00bb40&Prime;][vc_column rt_wrp_col_paddings=\u00a0\u00bbfalse\u00a0\u00bb rt_border_top=\u00a0\u00bb\u00a0\u00bb rt_border_bottom=\u00a0\u00bb\u00a0\u00bb rt_border_left=\u00a0\u00bb\u00a0\u00bb rt_border_right=\u00a0\u00bb\u00a0\u00bb rt_border_top_mobile=\u00a0\u00bb\u00a0\u00bb rt_border_bottom_mobile=\u00a0\u00bb\u00a0\u00bb rt_border_left_mobile=\u00a0\u00bb\u00a0\u00bb rt_border_right_mobile=\u00a0\u00bb\u00a0\u00bb rt_bg_image_repeat=\u00a0\u00bbrepeat\u00a0\u00bb rt_bg_size=\u00a0\u00bbauto auto\u00a0\u00bb rt_bg_position=\u00a0\u00bbright top\u00a0\u00bb rt_bg_attachment=\u00a0\u00bbscroll\u00a0\u00bb]<div class=\"rt_heading_wrapper style-4\">\n\t\t\t\t\t\t<h2 class=\"rt_heading  style-4\" >Notre mission<\/h2>\n\t\t\t\t\t<\/div>[vc_column_text css_animation=\u00a0\u00bbappear\u00a0\u00bb]<\/p>\n<h6 style=\"text-align: center;\">Physioth\u00e9rapie des Rives a comme mission de donner les meilleurs soins de physioth\u00e9rapie en r\u00e9pondant aux attentes des patients et ce dans les plus brefs d\u00e9lais. Pour Physioth\u00e9rapie des Rives, il est important que la cause du probl\u00e8me soit identifi\u00e9e et que des traitements efficaces et durables vous soient propos\u00e9s.<\/h6>\n<h6 style=\"text-align: center;\">Pour se faire, les professionnels de Physioth\u00e9rapie des Rives suivent de la formation continue r\u00e9guli\u00e8rement aupr\u00e8s d\u2019organismes reconnus et \u00e9changent leur savoir sur les diff\u00e9rentes pathologies musculo-squelettiques.<\/h6>\n<h6 style=\"text-align: center;\">Le travail d\u2019\u00e9quipe avec diff\u00e9rents professionnels de la sant\u00e9 nous permet aussi d\u2019\u00eatre plus efficace dans nos interventions et ainsi acc\u00e9l\u00e8re la r\u00e9cup\u00e9ration de nos clients.<\/h6>\n<h6 style=\"text-align: center;\">Les stagiaires en physioth\u00e9rapie de l\u2019Universit\u00e9 Laval b\u00e9n\u00e9ficient aussi de cette interactivit\u00e9 lors de leurs passages \u00e0 nos cliniques.<\/h6>\n<p>[\/vc_column_text][\/vc_column][\/vc_row][vc_row rt_row_background_width=\u00a0\u00bbfullwidth\u00a0\u00bb rt_row_content_width=\u00a0\u00bbdefault\u00a0\u00bb rt_row_style=\u00a0\u00bbdefault-style\u00a0\u00bb rt_row_borders=\u00a0\u00bbtop\u00a0\u00bb rt_row_paddings=\u00a0\u00bbtrue\u00a0\u00bb rt_bg_image=\u00a0\u00bb505&Prime; rt_bg_effect=\u00a0\u00bbclassic\u00a0\u00bb rt_bg_image_repeat=\u00a0\u00bbrepeat\u00a0\u00bb rt_bg_size=\u00a0\u00bbcover\u00a0\u00bb rt_bg_position=\u00a0\u00bbcenter top\u00a0\u00bb rt_bg_attachment=\u00a0\u00bbscroll\u00a0\u00bb rt_bg_video_format=\u00a0\u00bbself-hosted\u00a0\u00bb rt_bg_color=\u00a0\u00bbrgba(94,161,215,0.5)\u00a0\u00bb rt_padding_top=\u00a0\u00bb20&Prime;][vc_column rt_wrp_col_paddings=\u00a0\u00bbfalse\u00a0\u00bb rt_border_top=\u00a0\u00bb\u00a0\u00bb rt_border_bottom=\u00a0\u00bb\u00a0\u00bb rt_border_left=\u00a0\u00bb\u00a0\u00bb rt_border_right=\u00a0\u00bb\u00a0\u00bb rt_border_top_mobile=\u00a0\u00bb\u00a0\u00bb rt_border_bottom_mobile=\u00a0\u00bb\u00a0\u00bb rt_border_left_mobile=\u00a0\u00bb\u00a0\u00bb rt_border_right_mobile=\u00a0\u00bb\u00a0\u00bb rt_bg_image_repeat=\u00a0\u00bbrepeat\u00a0\u00bb rt_bg_size=\u00a0\u00bbauto auto\u00a0\u00bb rt_bg_position=\u00a0\u00bbright top\u00a0\u00bb rt_bg_attachment=\u00a0\u00bbscroll\u00a0\u00bb rt_bg_color=\u00a0\u00bbrgba(238,238,238,0.5)\u00a0\u00bb rt_padding_top=\u00a0\u00bb40&Prime;]<div class=\"rt_heading_wrapper style-4\">\n\t\t\t\t\t\t<h2 class=\"rt_heading  style-4\" >La physioth\u00e9rapie pour&#8230;<\/h2>\n\t\t\t\t\t<\/div>[\/vc_column][\/vc_row][vc_row rt_row_background_width=\u00a0\u00bbfullwidth\u00a0\u00bb rt_row_content_width=\u00a0\u00bbdefault\u00a0\u00bb rt_row_style=\u00a0\u00bbdefault-style\u00a0\u00bb rt_row_borders=\u00a0\u00bb\u00a0\u00bb rt_overlap=\u00a0\u00bbtrue\u00a0\u00bb rt_row_paddings=\u00a0\u00bbtrue\u00a0\u00bb rt_bg_effect=\u00a0\u00bbclassic\u00a0\u00bb rt_bg_image_repeat=\u00a0\u00bbrepeat\u00a0\u00bb rt_bg_size=\u00a0\u00bbcover\u00a0\u00bb rt_bg_position=\u00a0\u00bbright top\u00a0\u00bb rt_bg_attachment=\u00a0\u00bbscroll\u00a0\u00bb rt_bg_video_format=\u00a0\u00bbself-hosted\u00a0\u00bb rt_padding_top=\u00a0\u00bb0&Prime; rt_padding_bottom=\u00a0\u00bb0&Prime;][vc_column width=\u00a0\u00bb1\/3&Prime; rt_wrp_col_paddings=\u00a0\u00bbfalse\u00a0\u00bb rt_border_top=\u00a0\u00bb\u00a0\u00bb rt_border_bottom=\u00a0\u00bb\u00a0\u00bb rt_border_left=\u00a0\u00bb\u00a0\u00bb rt_border_right=\u00a0\u00bb\u00a0\u00bb rt_border_top_mobile=\u00a0\u00bb\u00a0\u00bb rt_border_bottom_mobile=\u00a0\u00bb\u00a0\u00bb rt_border_left_mobile=\u00a0\u00bb\u00a0\u00bb rt_border_right_mobile=\u00a0\u00bb\u00a0\u00bb rt_bg_image_repeat=\u00a0\u00bbrepeat\u00a0\u00bb rt_bg_size=\u00a0\u00bbauto auto\u00a0\u00bb rt_bg_position=\u00a0\u00bbright top\u00a0\u00bb rt_bg_attachment=\u00a0\u00bbscroll\u00a0\u00bb rt_padding_top=\u00a0\u00bb40&Prime; rt_padding_bottom=\u00a0\u00bb40&Prime;]\t \n\t\t<div  class=\"chained_contents style-2  left\" data-rt-animation-group=\"group\" >\n\t\t\t \n\t\t<div  class=\"\" data-rt-animate=\"animate\" data-rt-animation-type=\"fadeInDown\">\n\t\t<span class=\"number\">1<\/span><div class=\"list-content\"><h4 class=\"list-title\">Regagner votre mobilit\u00e9<\/h4><\/div>\n\t\t<\/div>\n\t\t \n\t\t<div  class=\"\" data-rt-animate=\"animate\" data-rt-animation-type=\"fadeInDown\">\n\t\t<span class=\"number\">2<\/span><div class=\"list-content\"><h4 class=\"list-title\">Retrouver votre \u00e9quilibre<\/h4><\/div>\n\t\t<\/div>\n\t\t \n\t\t<div  class=\"\" data-rt-animate=\"animate\" data-rt-animation-type=\"fadeInDown\">\n\t\t<span class=\"number\">3<\/span><div class=\"list-content\"><h4 class=\"list-title\">R\u00e9cup\u00e9rer votre force musculaire<\/h4><\/div>\n\t\t<\/div>\n\t\t \n\t\t<div  class=\"\" data-rt-animate=\"animate\" data-rt-animation-type=\"fadeInDown\">\n\t\t<span class=\"number\">4<\/span><div class=\"list-content\"><h4 class=\"list-title\">Soulager la douleur<\/h4><\/div>\n\t\t<\/div>\n\t\n\t\t<\/div>\n\t[\/vc_column][vc_column width=\u00a0\u00bb1\/3&Prime; rt_wrp_col_paddings=\u00a0\u00bbfalse\u00a0\u00bb rt_border_top=\u00a0\u00bb\u00a0\u00bb rt_border_bottom=\u00a0\u00bb\u00a0\u00bb rt_border_left=\u00a0\u00bb\u00a0\u00bb rt_border_right=\u00a0\u00bb\u00a0\u00bb rt_border_top_mobile=\u00a0\u00bb\u00a0\u00bb rt_border_bottom_mobile=\u00a0\u00bb\u00a0\u00bb rt_border_left_mobile=\u00a0\u00bb\u00a0\u00bb rt_border_right_mobile=\u00a0\u00bb\u00a0\u00bb rt_bg_image_repeat=\u00a0\u00bbno-repeat\u00a0\u00bb rt_bg_size=\u00a0\u00bbcover\u00a0\u00bb rt_bg_position=\u00a0\u00bbright top\u00a0\u00bb rt_bg_attachment=\u00a0\u00bbscroll\u00a0\u00bb rt_padding_top=\u00a0\u00bb0&Prime; rt_padding_bottom=\u00a0\u00bb0&Prime; rt_padding_left=\u00a0\u00bb0&Prime; rt_padding_right=\u00a0\u00bb0&Prime;][vc_single_image image=\u00a0\u00bb528&Prime; img_size=\u00a0\u00bbfull\u00a0\u00bb alignment=\u00a0\u00bbcenter\u00a0\u00bb css=\u00a0\u00bb.vc_custom_1462134262014{background-position: center !important;background-repeat: no-repeat !important;background-size: cover !important;}\u00a0\u00bb][\/vc_column][vc_column width=\u00a0\u00bb1\/3&Prime; rt_wrp_col_paddings=\u00a0\u00bbfalse\u00a0\u00bb rt_border_top=\u00a0\u00bb\u00a0\u00bb rt_border_bottom=\u00a0\u00bb\u00a0\u00bb rt_border_left=\u00a0\u00bb\u00a0\u00bb rt_border_right=\u00a0\u00bb\u00a0\u00bb rt_border_top_mobile=\u00a0\u00bb\u00a0\u00bb rt_border_bottom_mobile=\u00a0\u00bb\u00a0\u00bb rt_border_left_mobile=\u00a0\u00bb\u00a0\u00bb rt_border_right_mobile=\u00a0\u00bb\u00a0\u00bb rt_bg_image_repeat=\u00a0\u00bbrepeat\u00a0\u00bb rt_bg_size=\u00a0\u00bbauto auto\u00a0\u00bb rt_bg_position=\u00a0\u00bbright top\u00a0\u00bb rt_bg_attachment=\u00a0\u00bbscroll\u00a0\u00bb rt_padding_top=\u00a0\u00bb40&Prime; rt_padding_bottom=\u00a0\u00bb40&Prime;]\t \n\t\t<div  class=\"chained_contents style-2  right\" data-rt-animation-group=\"group\" >\n\t\t\t \n\t\t<div  class=\"\" data-rt-animate=\"animate\" data-rt-animation-type=\"fadeInDown\">\n\t\t<span class=\"number\">5<\/span><div class=\"list-content\"><h4 class=\"list-title\">Un retour au jeu rapide<\/h4><\/div>\n\t\t<\/div>\n\t\t \n\t\t<div  class=\"\" data-rt-animate=\"animate\" data-rt-animation-type=\"fadeInDown\">\n\t\t<span class=\"number\">6<\/span><div class=\"list-content\"><h4 class=\"list-title\">Vaquer \u00e0 vos occupations habituelles<\/h4><\/div>\n\t\t<\/div>\n\t\t \n\t\t<div  class=\"\" data-rt-animate=\"animate\" data-rt-animation-type=\"fadeInDown\">\n\t\t<span class=\"number\">7<\/span><div class=\"list-content\"><h4 class=\"list-title\">Bien dormir<\/h4><\/div>\n\t\t<\/div>\n\t\t \n\t\t<div  class=\"\" data-rt-animate=\"animate\" data-rt-animation-type=\"fadeInDown\">\n\t\t<span class=\"number\">8<\/span><div class=\"list-content\"><h4 class=\"list-title\">Retrouver une vie active<\/h4><\/div>\n\t\t<\/div>\n\t\n\t\t<\/div>\n\t[\/vc_column][\/vc_row][vc_row rt_row_background_width=\u00a0\u00bbfullwidth\u00a0\u00bb rt_row_content_width=\u00a0\u00bbdefault\u00a0\u00bb rt_row_style=\u00a0\u00bbalt-style-1&Prime; rt_row_borders=\u00a0\u00bb\u00a0\u00bb rt_row_paddings=\u00a0\u00bbtrue\u00a0\u00bb rt_bg_effect=\u00a0\u00bbclassic\u00a0\u00bb rt_bg_image_repeat=\u00a0\u00bbrepeat\u00a0\u00bb rt_bg_size=\u00a0\u00bbcover\u00a0\u00bb rt_bg_position=\u00a0\u00bbright top\u00a0\u00bb rt_bg_attachment=\u00a0\u00bbscroll\u00a0\u00bb rt_bg_video_format=\u00a0\u00bbself-hosted\u00a0\u00bb rt_padding_top=\u00a0\u00bb40&Prime; rt_padding_bottom=\u00a0\u00bb40&Prime;][vc_column width=\u00a0\u00bb1\/4&Prime; rt_wrp_col_paddings=\u00a0\u00bbfalse\u00a0\u00bb rt_border_top=\u00a0\u00bb\u00a0\u00bb rt_border_bottom=\u00a0\u00bb\u00a0\u00bb rt_border_left=\u00a0\u00bb\u00a0\u00bb rt_border_right=\u00a0\u00bb\u00a0\u00bb rt_border_top_mobile=\u00a0\u00bb\u00a0\u00bb rt_border_bottom_mobile=\u00a0\u00bb\u00a0\u00bb rt_border_left_mobile=\u00a0\u00bb\u00a0\u00bb rt_border_right_mobile=\u00a0\u00bb\u00a0\u00bb rt_bg_image_repeat=\u00a0\u00bbrepeat\u00a0\u00bb rt_bg_size=\u00a0\u00bbauto auto\u00a0\u00bb rt_bg_position=\u00a0\u00bbright top\u00a0\u00bb rt_bg_attachment=\u00a0\u00bbscroll\u00a0\u00bb]<div class=\"rt_heading_wrapper style-1\">\n\t\t\t\t\t\t<h2 class=\"rt_heading  style-1\" >Chroniques<\/h2>\n\t\t\t\t\t<\/div>[vc_column_text]<\/p>\n<p>Consultez notre section chroniques pour plus d&rsquo;information.<\/p>\n<p>[\/vc_column_text][vc_btn title=\u00a0\u00bbVoir les chroniques\u00a0\u00bb link=\u00a0\u00bburl:http%3A%2F%2Fphysiodesrives.com%2Fwp%2F%3Fpage_id%3D17||\u00a0\u00bb][\/vc_column][vc_column width=\u00a0\u00bb3\/4&Prime; rt_wrp_col_paddings=\u00a0\u00bbfalse\u00a0\u00bb rt_border_top=\u00a0\u00bb\u00a0\u00bb rt_border_bottom=\u00a0\u00bb\u00a0\u00bb rt_border_left=\u00a0\u00bb\u00a0\u00bb rt_border_right=\u00a0\u00bb\u00a0\u00bb rt_border_top_mobile=\u00a0\u00bb\u00a0\u00bb rt_border_bottom_mobile=\u00a0\u00bb\u00a0\u00bb rt_border_left_mobile=\u00a0\u00bb\u00a0\u00bb rt_border_right_mobile=\u00a0\u00bb\u00a0\u00bb rt_bg_image_repeat=\u00a0\u00bbrepeat\u00a0\u00bb rt_bg_size=\u00a0\u00bbauto auto\u00a0\u00bb rt_bg_position=\u00a0\u00bbright top\u00a0\u00bb rt_bg_attachment=\u00a0\u00bbscroll\u00a0\u00bb]<section class=\"latest_news clearfix style-2\"><article>\n\n\t\t\t\t\t<div class=\"text\">\n\t\t\t\t\t\t\n\t\t\t\t\t\t<h5 class=\"clean_heading\"><a class=\"title\" href=\"https:\/\/www.physiodesrives.com\/?p=1183\" title=\"Les souliers de course\" rel=\"bookmark\">Les souliers de course<\/a><\/h5>\t\t\t\t\t\t\n\t\t\t\t\t\t<p>&nbsp; &nbsp; De nos jours, magasiner des souliers de course peut s\u2019av\u00e9rer une t\u00e2che bien complexe c...<\/p>\n\t\t\t\t\t<\/div>\n\t\t\t\t\t\n<\/article>\n<article>\n\n\t\t\t\t\t<div class=\"text\">\n\t\t\t\t\t\t\n\t\t\t\t\t\t<h5 class=\"clean_heading\"><a class=\"title\" href=\"https:\/\/www.physiodesrives.com\/?p=309\" title=\"Le ski alpin: blessure et pr\u00e9vention\" rel=\"bookmark\">Le ski alpin: blessure et pr\u00e9vention<\/a><\/h5>\t\t\t\t\t\t\n\t\t\t\t\t\t<p>Vous avez peut-\u00eatre commenc\u00e9 votre saison de ski ou vous appr\u00eatez \u00e0 en profiter. Afin d\u2019\u00e9viter une b...<\/p>\n\t\t\t\t\t<\/div>\n\t\t\t\t\t\n<\/article>\n<article>\n\n\t\t\t\t\t<div class=\"text\">\n\t\t\t\t\t\t\n\t\t\t\t\t\t<h5 class=\"clean_heading\"><a class=\"title\" href=\"https:\/\/www.physiodesrives.com\/?p=1142\" title=\"La r\u00e9\u00e9ducation post-commotion c\u00e9r\u00e9brale\" rel=\"bookmark\">La r\u00e9\u00e9ducation post-commotion c\u00e9r\u00e9brale<\/a><\/h5>\t\t\t\t\t\t\n\t\t\t\t\t\t<p>Dans la litt\u00e9rature scientifique, le terme traumatisme cr\u00e2nio-c\u00e9r\u00e9bral est divis\u00e9 en trois cat\u00e9gorie...<\/p>\n\t\t\t\t\t<\/div>\n\t\t\t\t\t\n<\/article>\n<\/section>[\/vc_column][\/vc_row]<\/p>\n<\/section>","protected":false},"excerpt":{"rendered":"<p>[vc_row rt_row_background_width=\u00a0\u00bbfullwidth\u00a0\u00bb rt_row_content_width=\u00a0\u00bbfullwidth\u00a0\u00bb rt_row_style=\u00a0\u00bbdefault-style\u00a0\u00bb rt_row_borders=\u00a0\u00bb\u00a0\u00bb rt_row_paddings=\u00a0\u00bbfalse\u00a0\u00bb rt_bg_effect=\u00a0\u00bbclassic\u00a0\u00bb rt_bg_image_repeat=\u00a0\u00bbrepeat\u00a0\u00bb rt_bg_size=\u00a0\u00bbcover\u00a0\u00bb rt_bg_position=\u00a0\u00bbright top\u00a0\u00bb rt_bg_attachment=\u00a0\u00bbscroll\u00a0\u00bb rt_bg_video_format=\u00a0\u00bbself-hosted\u00a0\u00bb][vc_column rt_wrp_col_paddings=\u00a0\u00bbfalse\u00a0\u00bb rt_border_top=\u00a0\u00bb\u00a0\u00bb rt_border_bottom=\u00a0\u00bb\u00a0\u00bb rt_border_left=\u00a0\u00bb\u00a0\u00bb rt_border_right=\u00a0\u00bb\u00a0\u00bb rt_border_top_mobile=\u00a0\u00bb\u00a0\u00bb rt_border_bottom_mobile=\u00a0\u00bb\u00a0\u00bb rt_border_left_mobile=\u00a0\u00bb\u00a0\u00bb rt_border_right_mobile=\u00a0\u00bb\u00a0\u00bb rt_bg_image_repeat=\u00a0\u00bbrepeat\u00a0\u00bb rt_bg_size=\u00a0\u00bbauto auto\u00a0\u00bb rt_bg_position=\u00a0\u00bbright top\u00a0\u00bb rt_bg_attachment=\u00a0\u00bbscroll\u00a0\u00bb][\/vc_column][\/vc_row][vc_row rt_row_background_width=\u00a0\u00bbfullwidth\u00a0\u00bb rt_row_content_width=\u00a0\u00bbdefault\u00a0\u00bb rt_row_style=\u00a0\u00bbdefault-style\u00a0\u00bb rt_row_borders=\u00a0\u00bb\u00a0\u00bb rt_row_paddings=\u00a0\u00bbtrue\u00a0\u00bb rt_bg_effect=\u00a0\u00bbclassic\u00a0\u00bb rt_bg_image_repeat=\u00a0\u00bbrepeat\u00a0\u00bb rt_bg_size=\u00a0\u00bbcover\u00a0\u00bb rt_bg_position=\u00a0\u00bbright top\u00a0\u00bb rt_bg_attachment=\u00a0\u00bbscroll\u00a0\u00bb rt_bg_video_format=\u00a0\u00bbself-hosted\u00a0\u00bb rt_padding_top=\u00a0\u00bb40&Prime; rt_padding_bottom=\u00a0\u00bb40&Prime; rt_bg_color=\u00a0\u00bb#ffffff\u00a0\u00bb][vc_column width=\u00a0\u00bb1\/3&Prime; rt_wrp_col_paddings=\u00a0\u00bbfalse\u00a0\u00bb rt_border_top=\u00a0\u00bb\u00a0\u00bb rt_border_bottom=\u00a0\u00bb\u00a0\u00bb rt_border_left=\u00a0\u00bb\u00a0\u00bb rt_border_right=\u00a0\u00bb\u00a0\u00bb rt_border_top_mobile=\u00a0\u00bb\u00a0\u00bb rt_border_bottom_mobile=\u00a0\u00bb\u00a0\u00bb rt_border_left_mobile=\u00a0\u00bb\u00a0\u00bb rt_border_right_mobile=\u00a0\u00bb\u00a0\u00bb rt_bg_image_repeat=\u00a0\u00bbrepeat\u00a0\u00bb rt_bg_size=\u00a0\u00bbauto [&hellip;]<\/p>\n","protected":false},"author":1,"featured_media":0,"parent":0,"menu_order":0,"comment_status":"closed","ping_status":"closed","template":"","meta":{"footnotes":""},"class_list":["post-9","page","type-page","status-publish","hentry"],"_links":{"self":[{"href":"https:\/\/www.physiodesrives.com\/index.php?rest_route=\/wp\/v2\/pages\/9","targetHints":{"allow":["GET"]}}],"collection":[{"href":"https:\/\/www.physiodesrives.com\/index.php?rest_route=\/wp\/v2\/pages"}],"about":[{"href":"https:\/\/www.physiodesrives.com\/index.php?rest_route=\/wp\/v2\/types\/page"}],"author":[{"embeddable":true,"href":"https:\/\/www.physiodesrives.com\/index.php?rest_route=\/wp\/v2\/users\/1"}],"replies":[{"embeddable":true,"href":"https:\/\/www.physiodesrives.com\/index.php?rest_route=%2Fwp%2Fv2%2Fcomments&post=9"}],"version-history":[{"count":145,"href":"https:\/\/www.physiodesrives.com\/index.php?rest_route=\/wp\/v2\/pages\/9\/revisions"}],"predecessor-version":[{"id":1444,"href":"https:\/\/www.physiodesrives.com\/index.php?rest_route=\/wp\/v2\/pages\/9\/revisions\/1444"}],"wp:attachment":[{"href":"https:\/\/www.physiodesrives.com\/index.php?rest_route=%2Fwp%2Fv2%2Fmedia&parent=9"}],"curies":[{"name":"wp","href":"https:\/\/api.w.org\/{rel}","templated":true}]}}