{"id":1486,"date":"2023-01-19T17:37:07","date_gmt":"2023-01-19T17:37:07","guid":{"rendered":"https:\/\/www.physiodesrives.com\/?page_id=1486"},"modified":"2024-12-30T21:18:13","modified_gmt":"2024-12-30T21:18:13","slug":"services-copy-2","status":"publish","type":"page","link":"https:\/\/www.physiodesrives.com\/?page_id=1486","title":{"rendered":"Loi 25"},"content":{"rendered":"<section class=\"wpb-content-wrapper\"><p>[vc_row rt_row_background_width=\u00a0\u00bbfullwidth\u00a0\u00bb rt_row_content_width=\u00a0\u00bbdefault\u00a0\u00bb rt_row_style=\u00a0\u00bbdefault-style\u00a0\u00bb rt_row_borders=\u00a0\u00bb\u00a0\u00bb rt_row_paddings=\u00a0\u00bbtrue\u00a0\u00bb rt_bg_image=\u00a0\u00bb505&Prime; rt_bg_effect=\u00a0\u00bbclassic\u00a0\u00bb rt_bg_image_repeat=\u00a0\u00bbrepeat\u00a0\u00bb rt_bg_size=\u00a0\u00bbcover\u00a0\u00bb rt_bg_position=\u00a0\u00bbcenter top\u00a0\u00bb rt_bg_attachment=\u00a0\u00bbscroll\u00a0\u00bb rt_bg_video_format=\u00a0\u00bbself-hosted\u00a0\u00bb rt_bg_color=\u00a0\u00bbrgba(94,161,215,0.5)\u00a0\u00bb rt_padding_top=\u00a0\u00bb20&Prime; rt_padding_bottom=\u00a0\u00bb0&Prime;][vc_column rt_wrp_col_paddings=\u00a0\u00bbfalse\u00a0\u00bb rt_border_top=\u00a0\u00bb\u00a0\u00bb rt_border_bottom=\u00a0\u00bb\u00a0\u00bb rt_border_left=\u00a0\u00bb\u00a0\u00bb rt_border_right=\u00a0\u00bb\u00a0\u00bb rt_border_top_mobile=\u00a0\u00bb\u00a0\u00bb rt_border_bottom_mobile=\u00a0\u00bb\u00a0\u00bb rt_border_left_mobile=\u00a0\u00bb\u00a0\u00bb rt_border_right_mobile=\u00a0\u00bb\u00a0\u00bb rt_bg_image_repeat=\u00a0\u00bbrepeat\u00a0\u00bb rt_bg_size=\u00a0\u00bbauto auto\u00a0\u00bb rt_bg_position=\u00a0\u00bbright top\u00a0\u00bb rt_bg_attachment=\u00a0\u00bbscroll\u00a0\u00bb rt_bg_color=\u00a0\u00bbrgba(238,238,238,0.5)\u00a0\u00bb]<div class=\"rt_heading_wrapper style-4\">\n\t\t\t\t\t\t<h1 class=\"rt_heading  style-4\" >Protection des renseignements personnels : loi 25<\/h1>\n\t\t\t\t\t<\/div>[\/vc_column][\/vc_row][vc_row rt_row_background_width=\u00a0\u00bbdefault\u00a0\u00bb rt_row_style=\u00a0\u00bbdefault-style\u00a0\u00bb rt_row_borders=\u00a0\u00bb\u00a0\u00bb rt_row_paddings=\u00a0\u00bbtrue\u00a0\u00bb rt_bg_effect=\u00a0\u00bbclassic\u00a0\u00bb rt_bg_image_repeat=\u00a0\u00bbrepeat\u00a0\u00bb rt_bg_size=\u00a0\u00bbcover\u00a0\u00bb rt_bg_position=\u00a0\u00bbright top\u00a0\u00bb rt_bg_attachment=\u00a0\u00bbscroll\u00a0\u00bb rt_bg_video_format=\u00a0\u00bbself-hosted\u00a0\u00bb][vc_column rt_wrp_col_paddings=\u00a0\u00bbfalse\u00a0\u00bb rt_border_top=\u00a0\u00bb\u00a0\u00bb rt_border_bottom=\u00a0\u00bb\u00a0\u00bb rt_border_left=\u00a0\u00bb\u00a0\u00bb rt_border_right=\u00a0\u00bb\u00a0\u00bb rt_border_top_mobile=\u00a0\u00bb\u00a0\u00bb rt_border_bottom_mobile=\u00a0\u00bb\u00a0\u00bb rt_border_left_mobile=\u00a0\u00bb\u00a0\u00bb rt_border_right_mobile=\u00a0\u00bb\u00a0\u00bb rt_bg_image_repeat=\u00a0\u00bbrepeat\u00a0\u00bb rt_bg_size=\u00a0\u00bbauto auto\u00a0\u00bb rt_bg_position=\u00a0\u00bbright top\u00a0\u00bb rt_bg_attachment=\u00a0\u00bbscroll\u00a0\u00bb][vc_column_text]<strong>Politique de confidentialit\u00e9 pour Physioth\u00e9rapie des Rives<\/strong><\/p>\n<p>Date d\u2019entr\u00e9e en vigueur : 22 septembre 2023<\/p>\n<p>Chez Physioth\u00e9rapie des Rives, nous nous engageons \u00e0 prot\u00e9ger la confidentialit\u00e9 et la s\u00e9curit\u00e9 des renseignements de nos clients. Cette politique de confidentialit\u00e9 explique comment nous recueillons, partageons, utilisons et prot\u00e9geons vos renseignements personnels conform\u00e9ment aux lois et r\u00e9glementations applicables.<\/p>\n<p><strong>Informations que nous recueillons<\/strong><\/p>\n<p>Nous recueillons des renseignements personnels aupr\u00e8s de nos clients pour leur fournir des services de physioth\u00e9rapie. Ces informations peuvent inclure, sans se limiter :<\/p>\n<ul>\n<li>Des coordonn\u00e9es telles que votre nom, votre adresse postale, votre adresse courriel et votre num\u00e9ro de t\u00e9l\u00e9phone ;<\/li>\n<li>Des informations d\u00e9mographiques telles que votre \u00e2ge et votre genre ;<\/li>\n<li>Des informations sur la sant\u00e9 telles que vos conditions de sant\u00e9 actuelles, vos ant\u00e9c\u00e9dents m\u00e9dicaux, vos m\u00e9dicaments actuels, vos allergies, vos diagnostics m\u00e9dicaux (prescription de votre m\u00e9decin s\u2019il y a lieu), le nom de votre m\u00e9decin traitant ;<\/li>\n<li>Des informations sur l\u2019assurance, telles que votre num\u00e9ro de police et votre compagnie d\u2019assurance, votre num\u00e9ro d\u2019assurance maladie (RAMQ);<\/li>\n<li>Des informations sur l\u2019organisme payeur (CNESST, IVAC ou SAAQ) telles que votre num\u00e9ro de dossier, votre m\u00e9decin traitant, vos diagnostics associ\u00e9s \u00e0 ces dossiers si tel est le cas ;<\/li>\n<li>Des informations biom\u00e9triques telles que r\u00e9sultats d\u2019imagerie m\u00e9dicale (radiographie, imagerie par r\u00e9sonnance magn\u00e9tique (IRM), tomodensitom\u00e9trie (TACO), scintigraphie osseuse, protocole op\u00e9ratoire ou autres au besoin).<\/li>\n<\/ul>\n<p><strong>Comment nous utilisons vos informations<\/strong><\/p>\n<p>Nous utilisons vos renseignements personnels pour vous fournir des soins de physioth\u00e9rapie, notamment :<\/p>\n<ul>\n<li>Faciliter la prise de rendez-vous ;<\/li>\n<li>Effectuer l\u2019examen de votre condition et les traitements en physioth\u00e9rapie;<\/li>\n<li>Traiter les paiements et les r\u00e9clamations d\u2019assurances ;<\/li>\n<li>G\u00e9rer les comptes des clients ;<\/li>\n<li>Vous contacter en cas de besoin (suivi, changement de rendez-vous, etc.) ;<\/li>\n<\/ul>\n<p>Nous ne recueillons que les renseignements personnels n\u00e9cessaires aux fins identifi\u00e9es dans la pr\u00e9sente politique. Les renseignements personnels ne sont pas utilis\u00e9s ou divulgu\u00e9s \u00e0 des fins autres que celles pour lesquelles elles ont \u00e9t\u00e9 recueillies, sauf avec le consentement de la personne concern\u00e9e ou si la loi l\u2019exige. Les renseignements personnels ne sont conserv\u00e9s que le temps n\u00e9cessaire \u00e0 la r\u00e9alisation de ces fins.<\/p>\n<p><strong>Nos m\u00e9thodes de collecte<\/strong><\/p>\n<p>Les renseignements personnels seront recueillis au moyen d\u2019une combinaison de formulaires sur papier, d\u2019entrevues en personne et de toute communication avec le personnel de la clinique de Physioth\u00e9rapie des Rives (t\u00e9l\u00e9phone ou courriel si tel est le cas).<\/p>\n<p><strong>Le partage d\u2019information<\/strong><\/p>\n<p>Nous ne partageons pas vos renseignements personnels avec des tiers sauf si cela est n\u00e9cessaire pour la prestation des services en physioth\u00e9rapie comme avec des compagnies d\u2019assurance, les organismes payeurs (CNESST. SAAQ, IVAC) pour le traitement des r\u00e9clamations, d\u2019autres professionnels de la sant\u00e9 (m\u00e9decin, ergoth\u00e9rapeute ou autres) pour le suivi optimal de votre condition.<\/p>\n<p>Physioth\u00e9rapie des Rives s\u2019engage \u00e0 ne pas donner, vendre ou louer les informations personnelles \u00e0 des tiers.<\/p>\n<p>Nous ne partageons les informations qu\u2019avec votre consentement ou lorsque la loi l\u2019exige.<\/p>\n<p><strong>La localisation de vos informations<\/strong><\/p>\n<p>Les renseignements personnels sont conserv\u00e9s ou trait\u00e9s dans des installations situ\u00e9es au Canada.<\/p>\n<p><strong>La s\u00e9curit\u00e9 des informations<\/strong><\/p>\n<p>Nous prenons des mesures raisonnables pour prot\u00e9ger vos renseignements personnels contre tout acc\u00e8s, utilisation ou divulgation non autoris\u00e9s. Malgr\u00e9 cela, aucun m\u00e9canisme de s\u00e9curit\u00e9 ne peut garantir une protection parfaite et il existera toujours un certain risque r\u00e9siduel.<\/p>\n<p>Notre bureau utilise des syst\u00e8mes de dossiers s\u00e9curis\u00e9s, une gestion efficace des identit\u00e9s et des acc\u00e8s et des protections physiques pour prot\u00e9ger vos informations, le tout conform\u00e9ment aux lois et r\u00e9glementation en vigueur.<\/p>\n<p><strong>Vos droits<\/strong><\/p>\n<p>Vous disposez d\u2019un droit d\u2019acc\u00e8s, de modification ou de suppression de vos informations personnelles. Vous pouvez retirer votre consentement \u00e0 la collecte et \u00e0 l\u2019utilisation de vos informations personnelles \u00e0 tout moment. Cependant, cela pourrait emp\u00eacher Physioth\u00e9rapie des Rives de vous fournir des services ad\u00e9quats ou m\u00eame le refus de vous fournir des services.<\/p>\n<p>Vous avez tous les droits conformes aux exigences l\u00e9gales et r\u00e9glementaires.<\/p>\n<p>Si vous souhaitez exercer ces droits, veuillez nous contacter \u00e0 (\u00e9crire courriel). La demande \u00e9crite est n\u00e9cessaire.<\/p>\n<p><strong>Modification de notre politique de confidentialit\u00e9<\/strong><\/p>\n<p>Nous nous r\u00e9servons le droit de modifier cette politique de confidentialit\u00e9 \u00e0 tout moment afin de maintenir la conformit\u00e9 et tenir compte de tout changement \u00e0 notre processus de collecte de renseignements personnels.<\/p>\n<p>Si nous apportons des modifications importantes \u00e0 la politique, nous vous en informerons en publiant un avis ou en mettant en ligne une nouvelle version de la politique sur notre site Web.<\/p>\n<p><strong>Contactez-nous<\/strong><\/p>\n<p>Si vous avez des questions concernant notre politique de confidentialit\u00e9 ou le traitement de vos renseignements personnels, veuillez contacter Martine Castonguay au 418-834-1525 ou au info@physiodesrives.com.<\/p>\n<p>Date d\u2019entr\u00e9e en vigueur : 22 septembre 2023<\/p>\n<p>Date de la derni\u00e8re mise \u00e0 jour : 22 septembre 2024[\/vc_column_text][\/vc_column][\/vc_row]<\/p>\n<\/section>","protected":false},"excerpt":{"rendered":"<p>[vc_row rt_row_background_width=\u00a0\u00bbfullwidth\u00a0\u00bb rt_row_content_width=\u00a0\u00bbdefault\u00a0\u00bb rt_row_style=\u00a0\u00bbdefault-style\u00a0\u00bb rt_row_borders=\u00a0\u00bb\u00a0\u00bb rt_row_paddings=\u00a0\u00bbtrue\u00a0\u00bb rt_bg_image=\u00a0\u00bb505&Prime; rt_bg_effect=\u00a0\u00bbclassic\u00a0\u00bb rt_bg_image_repeat=\u00a0\u00bbrepeat\u00a0\u00bb rt_bg_size=\u00a0\u00bbcover\u00a0\u00bb rt_bg_position=\u00a0\u00bbcenter top\u00a0\u00bb rt_bg_attachment=\u00a0\u00bbscroll\u00a0\u00bb rt_bg_video_format=\u00a0\u00bbself-hosted\u00a0\u00bb rt_bg_color=\u00a0\u00bbrgba(94,161,215,0.5)\u00a0\u00bb rt_padding_top=\u00a0\u00bb20&Prime; rt_padding_bottom=\u00a0\u00bb0&Prime;][vc_column rt_wrp_col_paddings=\u00a0\u00bbfalse\u00a0\u00bb rt_border_top=\u00a0\u00bb\u00a0\u00bb rt_border_bottom=\u00a0\u00bb\u00a0\u00bb rt_border_left=\u00a0\u00bb\u00a0\u00bb rt_border_right=\u00a0\u00bb\u00a0\u00bb rt_border_top_mobile=\u00a0\u00bb\u00a0\u00bb rt_border_bottom_mobile=\u00a0\u00bb\u00a0\u00bb rt_border_left_mobile=\u00a0\u00bb\u00a0\u00bb rt_border_right_mobile=\u00a0\u00bb\u00a0\u00bb rt_bg_image_repeat=\u00a0\u00bbrepeat\u00a0\u00bb rt_bg_size=\u00a0\u00bbauto auto\u00a0\u00bb rt_bg_position=\u00a0\u00bbright top\u00a0\u00bb rt_bg_attachment=\u00a0\u00bbscroll\u00a0\u00bb rt_bg_color=\u00a0\u00bbrgba(238,238,238,0.5)\u00a0\u00bb][\/vc_column][\/vc_row][vc_row rt_row_background_width=\u00a0\u00bbdefault\u00a0\u00bb rt_row_style=\u00a0\u00bbdefault-style\u00a0\u00bb rt_row_borders=\u00a0\u00bb\u00a0\u00bb rt_row_paddings=\u00a0\u00bbtrue\u00a0\u00bb rt_bg_effect=\u00a0\u00bbclassic\u00a0\u00bb rt_bg_image_repeat=\u00a0\u00bbrepeat\u00a0\u00bb rt_bg_size=\u00a0\u00bbcover\u00a0\u00bb rt_bg_position=\u00a0\u00bbright top\u00a0\u00bb rt_bg_attachment=\u00a0\u00bbscroll\u00a0\u00bb rt_bg_video_format=\u00a0\u00bbself-hosted\u00a0\u00bb][vc_column rt_wrp_col_paddings=\u00a0\u00bbfalse\u00a0\u00bb rt_border_top=\u00a0\u00bb\u00a0\u00bb rt_border_bottom=\u00a0\u00bb\u00a0\u00bb rt_border_left=\u00a0\u00bb\u00a0\u00bb rt_border_right=\u00a0\u00bb\u00a0\u00bb rt_border_top_mobile=\u00a0\u00bb\u00a0\u00bb rt_border_bottom_mobile=\u00a0\u00bb\u00a0\u00bb rt_border_left_mobile=\u00a0\u00bb\u00a0\u00bb rt_border_right_mobile=\u00a0\u00bb\u00a0\u00bb rt_bg_image_repeat=\u00a0\u00bbrepeat\u00a0\u00bb rt_bg_size=\u00a0\u00bbauto [&hellip;]<\/p>\n","protected":false},"author":1,"featured_media":0,"parent":0,"menu_order":0,"comment_status":"closed","ping_status":"closed","template":"","meta":{"footnotes":""},"class_list":["post-1486","page","type-page","status-publish","hentry"],"_links":{"self":[{"href":"https:\/\/www.physiodesrives.com\/index.php?rest_route=\/wp\/v2\/pages\/1486","targetHints":{"allow":["GET"]}}],"collection":[{"href":"https:\/\/www.physiodesrives.com\/index.php?rest_route=\/wp\/v2\/pages"}],"about":[{"href":"https:\/\/www.physiodesrives.com\/index.php?rest_route=\/wp\/v2\/types\/page"}],"author":[{"embeddable":true,"href":"https:\/\/www.physiodesrives.com\/index.php?rest_route=\/wp\/v2\/users\/1"}],"replies":[{"embeddable":true,"href":"https:\/\/www.physiodesrives.com\/index.php?rest_route=%2Fwp%2Fv2%2Fcomments&post=1486"}],"version-history":[{"count":10,"href":"https:\/\/www.physiodesrives.com\/index.php?rest_route=\/wp\/v2\/pages\/1486\/revisions"}],"predecessor-version":[{"id":1498,"href":"https:\/\/www.physiodesrives.com\/index.php?rest_route=\/wp\/v2\/pages\/1486\/revisions\/1498"}],"wp:attachment":[{"href":"https:\/\/www.physiodesrives.com\/index.php?rest_route=%2Fwp%2Fv2%2Fmedia&parent=1486"}],"curies":[{"name":"wp","href":"https:\/\/api.w.org\/{rel}","templated":true}]}}