{"id":11,"date":"2016-02-16T00:33:41","date_gmt":"2016-02-16T00:33:41","guid":{"rendered":"https:\/\/www.physiodesrives.com\/?page_id=11"},"modified":"2025-01-09T20:41:04","modified_gmt":"2025-01-09T20:41:04","slug":"services","status":"publish","type":"page","link":"https:\/\/www.physiodesrives.com\/?page_id=11","title":{"rendered":"Services"},"content":{"rendered":"<section class=\"wpb-content-wrapper\"><p>[vc_row rt_row_background_width=\u00a0\u00bbfullwidth\u00a0\u00bb rt_row_content_width=\u00a0\u00bbdefault\u00a0\u00bb rt_row_style=\u00a0\u00bbdefault-style\u00a0\u00bb rt_row_borders=\u00a0\u00bb\u00a0\u00bb rt_row_paddings=\u00a0\u00bbtrue\u00a0\u00bb rt_bg_image=\u00a0\u00bb505&Prime; rt_bg_effect=\u00a0\u00bbclassic\u00a0\u00bb rt_bg_image_repeat=\u00a0\u00bbrepeat\u00a0\u00bb rt_bg_size=\u00a0\u00bbcover\u00a0\u00bb rt_bg_position=\u00a0\u00bbcenter top\u00a0\u00bb rt_bg_attachment=\u00a0\u00bbscroll\u00a0\u00bb rt_bg_video_format=\u00a0\u00bbself-hosted\u00a0\u00bb rt_bg_color=\u00a0\u00bbrgba(94,161,215,0.5)\u00a0\u00bb rt_padding_top=\u00a0\u00bb20&Prime; rt_padding_bottom=\u00a0\u00bb0&Prime;][vc_column rt_wrp_col_paddings=\u00a0\u00bbfalse\u00a0\u00bb rt_border_top=\u00a0\u00bb\u00a0\u00bb rt_border_bottom=\u00a0\u00bb\u00a0\u00bb rt_border_left=\u00a0\u00bb\u00a0\u00bb rt_border_right=\u00a0\u00bb\u00a0\u00bb rt_border_top_mobile=\u00a0\u00bb\u00a0\u00bb rt_border_bottom_mobile=\u00a0\u00bb\u00a0\u00bb rt_border_left_mobile=\u00a0\u00bb\u00a0\u00bb rt_border_right_mobile=\u00a0\u00bb\u00a0\u00bb rt_bg_image_repeat=\u00a0\u00bbrepeat\u00a0\u00bb rt_bg_size=\u00a0\u00bbauto auto\u00a0\u00bb rt_bg_position=\u00a0\u00bbright top\u00a0\u00bb rt_bg_attachment=\u00a0\u00bbscroll\u00a0\u00bb rt_bg_color=\u00a0\u00bbrgba(238,238,238,0.5)\u00a0\u00bb]<div class=\"rt_heading_wrapper style-4\">\n\t\t\t\t\t\t<h1 class=\"rt_heading  style-4\" >Nos services<\/h1>\n\t\t\t\t\t<\/div>[\/vc_column][\/vc_row][vc_row rt_row_background_width=\u00a0\u00bbdefault\u00a0\u00bb rt_row_style=\u00a0\u00bbdefault-style\u00a0\u00bb rt_row_borders=\u00a0\u00bb\u00a0\u00bb rt_row_paddings=\u00a0\u00bbtrue\u00a0\u00bb rt_bg_effect=\u00a0\u00bbclassic\u00a0\u00bb rt_bg_image_repeat=\u00a0\u00bbrepeat\u00a0\u00bb rt_bg_size=\u00a0\u00bbcover\u00a0\u00bb rt_bg_position=\u00a0\u00bbright top\u00a0\u00bb rt_bg_attachment=\u00a0\u00bbscroll\u00a0\u00bb rt_bg_video_format=\u00a0\u00bbself-hosted\u00a0\u00bb][vc_column rt_wrp_col_paddings=\u00a0\u00bbfalse\u00a0\u00bb rt_border_top=\u00a0\u00bb\u00a0\u00bb rt_border_bottom=\u00a0\u00bb\u00a0\u00bb rt_border_left=\u00a0\u00bb\u00a0\u00bb rt_border_right=\u00a0\u00bb\u00a0\u00bb rt_border_top_mobile=\u00a0\u00bb\u00a0\u00bb rt_border_bottom_mobile=\u00a0\u00bb\u00a0\u00bb rt_border_left_mobile=\u00a0\u00bb\u00a0\u00bb rt_border_right_mobile=\u00a0\u00bb\u00a0\u00bb rt_bg_image_repeat=\u00a0\u00bbrepeat\u00a0\u00bb rt_bg_size=\u00a0\u00bbauto auto\u00a0\u00bb rt_bg_position=\u00a0\u00bbright top\u00a0\u00bb rt_bg_attachment=\u00a0\u00bbscroll\u00a0\u00bb][vc_column_text]<\/p>\n<h5>Chez Physioth\u00e9rapie des Rives, nous utilisons diff\u00e9rents moyens pour obtenir votre r\u00e9cup\u00e9ration compl\u00e8te. Gr\u00e2ce \u00e0 nos diff\u00e9rentes formations continues, nous utilisons la th\u00e9rapie manuelle, les approches myofasciales, les tapings, l\u2019\u00e9lectroth\u00e9rapie, les exercices de renforcement, d\u2019\u00e9quilibre, de proprioception etc.<\/h5>\n<h5>De plus nous avons d\u00e9velopp\u00e9 plus \u00e0 fond certains secteurs de r\u00e9\u00e9ducation comme\u00a0:<\/h5>\n<p>&nbsp;<\/p>\n<ul>\n<li style=\"list-style-type: none;\">\n<ul>\n<li>\n<h6><a href=\"https:\/\/www.physiodesrives.com\/?p=961\">Les vertiges paroxystiques positionnels b\u00e9nins (VPPB)<\/a><\/h6>\n<\/li>\n<li>\n<h6><a href=\"https:\/\/www.physiodesrives.com\/?p=995\">La r\u00e9\u00e9ducation vestibulaire<\/a><\/h6>\n<\/li>\n<li>\n<h6><a href=\"https:\/\/www.physiodesrives.com\/?p=967\">La p\u00e9diatrie pour les retards l\u00e9gers du d\u00e9veloppement et les plagioc\u00e9phalies<\/a><\/h6>\n<\/li>\n<li>\n<h6><a href=\"https:\/\/www.physiodesrives.com\/?p=977\">La r\u00e9\u00e9ducation posturale globale (RPG)<\/a><\/h6>\n<\/li>\n<li>\n<h6><a href=\"https:\/\/www.physiodesrives.com\/?p=366\">La r\u00e9\u00e9ducation de l\u2019articulation temporo-mandibulaire (m\u00e2choire)<\/a><\/h6>\n<\/li>\n<li>\n<h6><a href=\"https:\/\/www.physiodesrives.com\/?p=1186\">La physioth\u00e9rapie pour les coureurs<\/a><\/h6>\n<\/li>\n<li>\n<h6><a href=\"https:\/\/www.physiodesrives.com\/?p=1142\">La r\u00e9\u00e9ducation post commotion c\u00e9r\u00e9brale<\/a><\/h6>\n<\/li>\n<li>\n<h6><a href=\"https:\/\/www.physiodesrives.com\/?p=969\">La puncture physioth\u00e9rapique avec aiguilles s\u00e8ches (PPAS anciennement UASD)<\/a><\/h6>\n<\/li>\n<li>\n<h6><a href=\"https:\/\/www.physiodesrives.com\/?p=1188\">La perte d&rsquo;autonomie et trouble de l&rsquo;\u00e9quilibre chez la personne \u00e2g\u00e9e<\/a><\/h6>\n<\/li>\n<\/ul>\n<p>&nbsp;<\/p>\n<p>&nbsp;<\/p>\n<h5>Nous avons aussi un service de massoth\u00e9rapie \u00e0 notre clinique de Laurier-Station ainsi qu&rsquo;un service de Nutrition \u00e0 notre clinique de Saint-Romuald.<\/h5>\n<\/li>\n<\/ul>\n<p>[\/vc_column_text][vc_wp_text][\/vc_wp_text][\/vc_column][\/vc_row][vc_row rt_row_background_width=\u00a0\u00bbdefault\u00a0\u00bb rt_row_style=\u00a0\u00bbdefault-style\u00a0\u00bb rt_row_borders=\u00a0\u00bb\u00a0\u00bb rt_row_paddings=\u00a0\u00bbtrue\u00a0\u00bb rt_bg_effect=\u00a0\u00bbclassic\u00a0\u00bb rt_bg_image_repeat=\u00a0\u00bbrepeat\u00a0\u00bb rt_bg_size=\u00a0\u00bbcover\u00a0\u00bb rt_bg_position=\u00a0\u00bbright top\u00a0\u00bb rt_bg_attachment=\u00a0\u00bbscroll\u00a0\u00bb rt_bg_video_format=\u00a0\u00bbself-hosted\u00a0\u00bb][vc_column width=\u00a0\u00bb1\/4&Prime; rt_wrp_col_paddings=\u00a0\u00bbfalse\u00a0\u00bb rt_border_top=\u00a0\u00bb\u00a0\u00bb rt_border_bottom=\u00a0\u00bb\u00a0\u00bb rt_border_left=\u00a0\u00bb\u00a0\u00bb rt_border_right=\u00a0\u00bb\u00a0\u00bb rt_border_top_mobile=\u00a0\u00bb\u00a0\u00bb rt_border_bottom_mobile=\u00a0\u00bb\u00a0\u00bb rt_border_left_mobile=\u00a0\u00bb\u00a0\u00bb rt_border_right_mobile=\u00a0\u00bb\u00a0\u00bb rt_bg_image_repeat=\u00a0\u00bbrepeat\u00a0\u00bb rt_bg_size=\u00a0\u00bbauto auto\u00a0\u00bb rt_bg_position=\u00a0\u00bbright top\u00a0\u00bb rt_bg_attachment=\u00a0\u00bbscroll\u00a0\u00bb]<div class=\"rt_heading_wrapper style-7\">\n\t\t\t\t\t\t<h2 class=\"rt_heading  aligncenter style-7\" ><span class=\"icon-heart-empty-1 heading_icon\"><\/span>T\u00e9moignages<\/h2>\n\t\t\t\t\t<\/div>[\/vc_column][vc_column width=\u00a0\u00bb3\/4&Prime; rt_wrp_col_paddings=\u00a0\u00bbfalse\u00a0\u00bb rt_border_top=\u00a0\u00bb\u00a0\u00bb rt_border_bottom=\u00a0\u00bb\u00a0\u00bb rt_border_left=\u00a0\u00bb\u00a0\u00bb rt_border_right=\u00a0\u00bb\u00a0\u00bb rt_border_top_mobile=\u00a0\u00bb\u00a0\u00bb rt_border_bottom_mobile=\u00a0\u00bb\u00a0\u00bb rt_border_left_mobile=\u00a0\u00bb\u00a0\u00bb rt_border_right_mobile=\u00a0\u00bb\u00a0\u00bb rt_bg_image_repeat=\u00a0\u00bbrepeat\u00a0\u00bb rt_bg_size=\u00a0\u00bbauto auto\u00a0\u00bb rt_bg_position=\u00a0\u00bbright top\u00a0\u00bb rt_bg_attachment=\u00a0\u00bbscroll\u00a0\u00bb]\r\n\t\t\t\t<div id=\"slider-testimonial-dynamicID-278163\" class=\"rt-carousel rt-image-carousel carousel-holder clearfix testimonial-carousel testimonials left\" data-item-width=\"1\" data-nav=\"true\" data-dots=\"true\" data-margin=\"15\" data-autoplay=\"false\" data-timeout=\"5000\" data-loop=\"false\" data-tablet-item-width=\"\" data-mobile-item-width=\"1\">\r\n\t\t\t\t\t<div class=\"owl-carousel\">\r\n\t\t\t\t\t\t<div><div class=\"testimonial item\">\n\n\n\n<div class=\"text \">\n\t<p>\n\t\t<span class=\"icon-quote-left\"><\/span>\n\t\t\tPriscilla, je m'empresse de te dire que, suite aux traitements que tu m'as prodigu\u00e9s, ma douleur lombaire a compl\u00e8tement disparu. En outre, les diff\u00e9rents exercices que tu m'as sugg\u00e9r\u00e9s lors de nos rencontres m'ont grandement aid\u00e9 \u00e0 retrouver une bonne souplesse au niveau des hanches et des cuisses (mon \u00e9pouse n'a plus \u00e0 faire d'effort \u00e0 ma place!!!) Je me porte donc d\u00e9finitivement mieux et c'est en grande partie gr\u00e2ce \u00e0 toi. Continue ton excellent travail...\t\t<span class=\"icon-quote-right\"><\/span>\n\t<\/p>\n\t<div class=\"client_info\">\n\n\t\t\tJ.T. \n\t\t\t\t\n\t\t\t\t\t\n\t\t\n\n\t<\/div>\n<\/div><\/div>\n<\/div><div><div class=\"testimonial item\">\n\n\n\n<div class=\"text \">\n\t<p>\n\t\t<span class=\"icon-quote-left\"><\/span>\n\t\t\t...Cynthia, sache que mon exp\u00e9rience chez Physioth\u00e9rapie des Rives a \u00e9t\u00e9 parfaite en tout point! Tu es excellente dans ton travail et super agr\u00e9able \u00e0 c\u00f4toyer! Bref, pour moi aller chez le physio, \u00e9tait presque qu'un \"bon moment\"! Alors merci pour tout et c'est sur que si j'ai besoin de nouveau, je t'appelle!\t\t<span class=\"icon-quote-right\"><\/span>\n\t<\/p>\n\t<div class=\"client_info\">\n\n\t\t\tA.L.  \n\t\t\t\t\n\t\t\t\t\t\n\t\t\n\n\t<\/div>\n<\/div><\/div>\n<\/div><div><div class=\"testimonial item\">\n\n<div class=\"client_image gradient\">\n\t<img decoding=\"async\" src=\"https:\/\/www.physiodesrives.com\/wp-content\/uploads\/2016\/03\/att00008-400x400.jpg\" alt=\"\" class=\"\" \/><\/div>\n\n\n<div class=\"text with_image\">\n\t<p>\n\t\t<span class=\"icon-quote-left\"><\/span>\n\t\t\tQuand j'ai constat\u00e9 qu'une douleur au coude que je tra\u00eenais depuis plusieurs mois nuirait \u00e0 ma saison de p\u00eache \u00e0 la mouche, j'ai consult\u00e9 la clinique. Apr\u00e8s quelques courtes s\u00e9ances, gr\u00e2ce aux bons soins d'Anne et son \u00e9quipe, le mal a disparu. Compl\u00e8tement. Et juste \u00e0 temps pour le d\u00e9but de la saison. C'est presque magique!\t\t<span class=\"icon-quote-right\"><\/span>\n\t<\/p>\n\t<div class=\"client_info\">\n\n\t\t\tB. A. \n\t\t- <span>P\u00eacheur<\/span>\t\t\n\t\t\t\t\t\n\t\t\n\n\t<\/div>\n<\/div><\/div>\n<\/div><div><div class=\"testimonial item\">\n\n\n\n<div class=\"text \">\n\t<p>\n\t\t<span class=\"icon-quote-left\"><\/span>\n\t\t\tUn \u00e9norme \"merci\" \u00e0 Mme Anne Labrecque, de la clinique de Physioth\u00e9rapie des Rives. Gr\u00e2ce \u00e0 son exp\u00e9rience et qualifications, \"ma super physio\" m'a permis de sortir, d\u00e8s la premi\u00e8re rencontre, sans canne! J'en pleurais de joie, je pouvais marcher comme avant!\r\nJ'ai fait partie du 2% des gens qui ont eu ce type d'hernie discale tr\u00e8s s\u00e9v\u00e8re et tr\u00e8s souffrante. Entr\u00e9e en urgence \u00e0 l'h\u00f4pital, j'y ai pass\u00e9 18 jours... dont 8 litt\u00e9ralement couch\u00e9. Impossible pour moi d'endurer une quelconque inclinaison de la t\u00eate de lit. \u00c0 ma sortie, une chaise roulante, une marchette et une canne m'attendaient.\r\nGr\u00e2ce \u00e0 Mme Labrecque, je peux reprendre progressivement certaines activit\u00e9s tout en respectant mes nouvelles limites physiques. Je progresse d'une rencontre \u00e0 l'autre, mais mon probl\u00e8me \u00e9tant neural, seul le temps, les exercices et les pr\u00e9cautions que je prendrai, pourront me mener vers la gu\u00e9rison.\r\nAlors, en cas de doute, n'h\u00e9sitez pas \u00e0 consulter Mme Labrecque de la clinique de Physioth\u00e9rapie des Rives!\r\nGros merci Mme Labrecque!\t\t<span class=\"icon-quote-right\"><\/span>\n\t<\/p>\n\t<div class=\"client_info\">\n\n\t\t\tJ. M. \n\t\t\t\t\n\t\t\t\t\t\n\t\t\n\n\t<\/div>\n<\/div><\/div>\n<\/div><div><div class=\"testimonial item\">\n\n\n\n<div class=\"text \">\n\t<p>\n\t\t<span class=\"icon-quote-left\"><\/span>\n\t\t\tEn pr\u00e8s de 50 ans de mariage, je n'ai jamais vu mon \u00e9pouse si bien physiquement, depuis qu'elle fr\u00e9quente votre clinique\r\nElle le doit \u00e0 sa volont\u00e9 et \u00e0 ses efforts pour obtenir et maintenir une bonne condition physique, tout comme elle le doit \u00e0 votre comp\u00e9tence, vos soins et votre suivi.\r\nJe la sais tr\u00e8s bien depuis qu'elle fr\u00e9quente votre clinique\r\nMerci Anne, pour elle (et pour moi)\t\t<span class=\"icon-quote-right\"><\/span>\n\t<\/p>\n\t<div class=\"client_info\">\n\n\t\t\tJ. G. \n\t\t\t\t\n\t\t\t\t\t\n\t\t\n\n\t<\/div>\n<\/div><\/div>\n<\/div><div><div class=\"testimonial item\">\n\n<div class=\"client_image gradient\">\n\t<img decoding=\"async\" src=\"https:\/\/www.physiodesrives.com\/wp-content\/uploads\/2016\/03\/fred.jpg\" alt=\"\" class=\"\" \/><\/div>\n\n\n<div class=\"text with_image\">\n\t<p>\n\t\t<span class=\"icon-quote-left\"><\/span>\n\t\t\tDepuis plus de 20 ans, l\u2019AGFC travaille en \u00e9troite collaboration avec la clinique, l\u2019expertise et la qualit\u00e9 du service n\u2019a aucun \u00e9gal dans le milieu.\r\nwww.agfc.qc.ca\t\t<span class=\"icon-quote-right\"><\/span>\n\t<\/p>\n\t<div class=\"client_info\">\n\n\t\t\tFred Colgan \n\t\t- <span>Entra\u00eeneur golf<\/span>\t\t\n\t\t\t\t<a href=\"http:\/\/www.agfc.qc.ca\" target=\"_blank\" class=\"client_link\">www.agfc.qc.ca<\/a>\t\n\t\t\n\n\t<\/div>\n<\/div><\/div>\n<\/div><div><div class=\"testimonial item\">\n\n<div class=\"client_image gradient\">\n\t<img decoding=\"async\" src=\"https:\/\/www.physiodesrives.com\/wp-content\/uploads\/2016\/03\/pascal.jpg\" alt=\"\" class=\"\" \/><\/div>\n\n\n<div class=\"text with_image\">\n\t<p>\n\t\t<span class=\"icon-quote-left\"><\/span>\n\t\t\tPour assurer une analyse pr\u00e9cise et obtenir un traitement cibl\u00e9, je recommande Physioth\u00e9rapie des Rives \u00e0 mes athl\u00e8tes et autres clients. De cette fa\u00e7on, ils me reviennent plus rapidement...et en sant\u00e9!\t\t<span class=\"icon-quote-right\"><\/span>\n\t<\/p>\n\t<div class=\"client_info\">\n\n\t\t\tPascal Champagne \n\t\t- <span>Pr\u00e9parateur physique<\/span>\t\t\n\t\t\t\t<a href=\"http:\/\/elitefactor.ca\/\" target=\"_blank\" class=\"client_link\">elitefactor.ca\/<\/a>\t\n\t\t\n\n\t<\/div>\n<\/div><\/div>\n<\/div><div><div class=\"testimonial item\">\n\n<div class=\"client_image gradient\">\n\t<img decoding=\"async\" src=\"https:\/\/www.physiodesrives.com\/wp-content\/uploads\/2016\/03\/laurencegasse-e1457059763835-272x400.jpg\" alt=\"\" class=\"\" \/><\/div>\n\n\n<div class=\"text with_image\">\n\t<p>\n\t\t<span class=\"icon-quote-left\"><\/span>\n\t\t\tMerci \u00e0 ma physio Martine, pour la prise en charge rapide de mes blessures, de la qualit\u00e9 de ses traitements et des bons programmes d'exercices et de renforcements qui me permettent un retour \u00e0 l'entra\u00eenement en force pour atteindre mes objectifs.\t\t<span class=\"icon-quote-right\"><\/span>\n\t<\/p>\n\t<div class=\"client_info\">\n\n\t\t\t Laurence Gasse \n\t\t- <span>Patineuse artistique<\/span>\t\t\n\t\t\t\t\t\n\t\t\n\n\t<\/div>\n<\/div><\/div>\n<\/div><div><div class=\"testimonial item\">\n\n<div class=\"client_image gradient\">\n\t<img decoding=\"async\" src=\"https:\/\/www.physiodesrives.com\/wp-content\/uploads\/2016\/03\/act.jpg\" alt=\"\" class=\"\" \/><\/div>\n\n\n<div class=\"text with_image\">\n\t<p>\n\t\t<span class=\"icon-quote-left\"><\/span>\n\t\t\tAu nom de tous les golfeurs, merci \u00e0 la clinique de Physioth\u00e9rapie des Rives et \u00e0 ses physioth\u00e9rapeutes d\u00e9vou\u00e9s pour l'excellent travail qu'ils ont accompli pour nous. Gr\u00e2ce aux \u00e9valuations TPI, aux soins et \u00e0 l'expertise de ses professionnels, j'ai pu b\u00e9n\u00e9ficier grandement des services de la clinique, entre autre par l'am\u00e9lioration de mon \u00e9lan de golf ayant \u00e9limin\u00e9 plusieurs limitations physiques. Philippe et Anne, merci encore pour votre support\t\t<span class=\"icon-quote-right\"><\/span>\n\t<\/p>\n\t<div class=\"client_info\">\n\n\t\t\tAnne-Catherine Tanguay \n\t\t- <span>Golfeuse professionelle<\/span>\t\t\n\t\t\t\t<a href=\"http:\/\/www.annecatherinetanguay.com\" target=\"_blank\" class=\"client_link\">www.annecatherinetanguay.com<\/a>\t\n\t\t\n\n\t<\/div>\n<\/div><\/div>\n<\/div><div><div class=\"testimonial item\">\n\n<div class=\"client_image gradient\">\n\t<img decoding=\"async\" src=\"https:\/\/www.physiodesrives.com\/wp-content\/uploads\/2016\/03\/reno.jpg\" alt=\"\" class=\"\" \/><\/div>\n\n\n<div class=\"text with_image\">\n\t<p>\n\t\t<span class=\"icon-quote-left\"><\/span>\n\t\t\tUne \u00e9quipe professionnelle qui me guide dans ma pr\u00e9paration physique en vue de ma saison de comp\u00e9tition. La clinique m'a permis de mieux me pr\u00e9parer physiquement et de pr\u00e9venir les blessures au bas du dos. Un service exceptionnel!!!\t\t<span class=\"icon-quote-right\"><\/span>\n\t<\/p>\n\t<div class=\"client_info\">\n\n\t\t\tRenaud Langevin \n\t\t- <span>Golfeur professionnel <\/span>\t\t\n\t\t\t\t<a href=\"http:\/\/RenaudLangevin.com\" target=\"_blank\" class=\"client_link\">RenaudLangevin.com<\/a>\t\n\t\t\n\n\t<\/div>\n<\/div><\/div>\n<\/div>\r\n\t\t\t\t\t<\/div>\r\n\t\t\t\t\t\r\n\t\t\t\t<div id=\"slider-testimonial-dynamicID-278163-dots\" class=\"dots-holder\">\r\n\t\t\t\t<\/div>\r\n\t\t\t\r\n\t\t\t\t<\/div>\r\n\t\t\t[\/vc_column][\/vc_row][vc_row rt_row_background_width=\u00a0\u00bbdefault\u00a0\u00bb rt_row_style=\u00a0\u00bbdefault-style\u00a0\u00bb rt_row_borders=\u00a0\u00bb\u00a0\u00bb rt_row_paddings=\u00a0\u00bbtrue\u00a0\u00bb rt_bg_effect=\u00a0\u00bbclassic\u00a0\u00bb rt_bg_image_repeat=\u00a0\u00bbrepeat\u00a0\u00bb rt_bg_size=\u00a0\u00bbcover\u00a0\u00bb rt_bg_position=\u00a0\u00bbright top\u00a0\u00bb rt_bg_attachment=\u00a0\u00bbscroll\u00a0\u00bb rt_bg_video_format=\u00a0\u00bbself-hosted\u00a0\u00bb][vc_column rt_wrp_col_paddings=\u00a0\u00bbfalse\u00a0\u00bb rt_border_top=\u00a0\u00bb\u00a0\u00bb rt_border_bottom=\u00a0\u00bb\u00a0\u00bb rt_border_left=\u00a0\u00bb\u00a0\u00bb rt_border_right=\u00a0\u00bb\u00a0\u00bb rt_border_top_mobile=\u00a0\u00bb\u00a0\u00bb rt_border_bottom_mobile=\u00a0\u00bb\u00a0\u00bb rt_border_left_mobile=\u00a0\u00bb\u00a0\u00bb rt_border_right_mobile=\u00a0\u00bb\u00a0\u00bb rt_bg_image_repeat=\u00a0\u00bbrepeat\u00a0\u00bb rt_bg_size=\u00a0\u00bbauto auto\u00a0\u00bb rt_bg_position=\u00a0\u00bbright top\u00a0\u00bb rt_bg_attachment=\u00a0\u00bbscroll\u00a0\u00bb][vc_column_text]<\/p>\n<p>[\/vc_column_text][\/vc_column][\/vc_row]<\/p>\n<\/section>","protected":false},"excerpt":{"rendered":"<p>[vc_row rt_row_background_width=\u00a0\u00bbfullwidth\u00a0\u00bb rt_row_content_width=\u00a0\u00bbdefault\u00a0\u00bb rt_row_style=\u00a0\u00bbdefault-style\u00a0\u00bb rt_row_borders=\u00a0\u00bb\u00a0\u00bb rt_row_paddings=\u00a0\u00bbtrue\u00a0\u00bb rt_bg_image=\u00a0\u00bb505&Prime; rt_bg_effect=\u00a0\u00bbclassic\u00a0\u00bb rt_bg_image_repeat=\u00a0\u00bbrepeat\u00a0\u00bb rt_bg_size=\u00a0\u00bbcover\u00a0\u00bb rt_bg_position=\u00a0\u00bbcenter top\u00a0\u00bb rt_bg_attachment=\u00a0\u00bbscroll\u00a0\u00bb rt_bg_video_format=\u00a0\u00bbself-hosted\u00a0\u00bb rt_bg_color=\u00a0\u00bbrgba(94,161,215,0.5)\u00a0\u00bb rt_padding_top=\u00a0\u00bb20&Prime; rt_padding_bottom=\u00a0\u00bb0&Prime;][vc_column rt_wrp_col_paddings=\u00a0\u00bbfalse\u00a0\u00bb rt_border_top=\u00a0\u00bb\u00a0\u00bb rt_border_bottom=\u00a0\u00bb\u00a0\u00bb rt_border_left=\u00a0\u00bb\u00a0\u00bb rt_border_right=\u00a0\u00bb\u00a0\u00bb rt_border_top_mobile=\u00a0\u00bb\u00a0\u00bb rt_border_bottom_mobile=\u00a0\u00bb\u00a0\u00bb rt_border_left_mobile=\u00a0\u00bb\u00a0\u00bb rt_border_right_mobile=\u00a0\u00bb\u00a0\u00bb rt_bg_image_repeat=\u00a0\u00bbrepeat\u00a0\u00bb rt_bg_size=\u00a0\u00bbauto auto\u00a0\u00bb rt_bg_position=\u00a0\u00bbright top\u00a0\u00bb rt_bg_attachment=\u00a0\u00bbscroll\u00a0\u00bb rt_bg_color=\u00a0\u00bbrgba(238,238,238,0.5)\u00a0\u00bb][\/vc_column][\/vc_row][vc_row rt_row_background_width=\u00a0\u00bbdefault\u00a0\u00bb rt_row_style=\u00a0\u00bbdefault-style\u00a0\u00bb rt_row_borders=\u00a0\u00bb\u00a0\u00bb rt_row_paddings=\u00a0\u00bbtrue\u00a0\u00bb rt_bg_effect=\u00a0\u00bbclassic\u00a0\u00bb rt_bg_image_repeat=\u00a0\u00bbrepeat\u00a0\u00bb rt_bg_size=\u00a0\u00bbcover\u00a0\u00bb rt_bg_position=\u00a0\u00bbright top\u00a0\u00bb rt_bg_attachment=\u00a0\u00bbscroll\u00a0\u00bb rt_bg_video_format=\u00a0\u00bbself-hosted\u00a0\u00bb][vc_column rt_wrp_col_paddings=\u00a0\u00bbfalse\u00a0\u00bb rt_border_top=\u00a0\u00bb\u00a0\u00bb rt_border_bottom=\u00a0\u00bb\u00a0\u00bb rt_border_left=\u00a0\u00bb\u00a0\u00bb rt_border_right=\u00a0\u00bb\u00a0\u00bb rt_border_top_mobile=\u00a0\u00bb\u00a0\u00bb rt_border_bottom_mobile=\u00a0\u00bb\u00a0\u00bb rt_border_left_mobile=\u00a0\u00bb\u00a0\u00bb rt_border_right_mobile=\u00a0\u00bb\u00a0\u00bb rt_bg_image_repeat=\u00a0\u00bbrepeat\u00a0\u00bb rt_bg_size=\u00a0\u00bbauto [&hellip;]<\/p>\n","protected":false},"author":1,"featured_media":0,"parent":0,"menu_order":0,"comment_status":"closed","ping_status":"closed","template":"","meta":{"footnotes":""},"class_list":["post-11","page","type-page","status-publish","hentry"],"_links":{"self":[{"href":"https:\/\/www.physiodesrives.com\/index.php?rest_route=\/wp\/v2\/pages\/11","targetHints":{"allow":["GET"]}}],"collection":[{"href":"https:\/\/www.physiodesrives.com\/index.php?rest_route=\/wp\/v2\/pages"}],"about":[{"href":"https:\/\/www.physiodesrives.com\/index.php?rest_route=\/wp\/v2\/types\/page"}],"author":[{"embeddable":true,"href":"https:\/\/www.physiodesrives.com\/index.php?rest_route=\/wp\/v2\/users\/1"}],"replies":[{"embeddable":true,"href":"https:\/\/www.physiodesrives.com\/index.php?rest_route=%2Fwp%2Fv2%2Fcomments&post=11"}],"version-history":[{"count":86,"href":"https:\/\/www.physiodesrives.com\/index.php?rest_route=\/wp\/v2\/pages\/11\/revisions"}],"predecessor-version":[{"id":1511,"href":"https:\/\/www.physiodesrives.com\/index.php?rest_route=\/wp\/v2\/pages\/11\/revisions\/1511"}],"wp:attachment":[{"href":"https:\/\/www.physiodesrives.com\/index.php?rest_route=%2Fwp%2Fv2%2Fmedia&parent=11"}],"curies":[{"name":"wp","href":"https:\/\/api.w.org\/{rel}","templated":true}]}}